{"id":163,"date":"2024-04-17T18:46:17","date_gmt":"2024-04-17T15:46:17","guid":{"rendered":"https:\/\/tirreklam.ctemplate.com\/?page_id=163"},"modified":"2024-05-25T15:03:08","modified_gmt":"2024-05-25T12:03:08","slug":"blog","status":"publish","type":"page","link":"https:\/\/www.tirreklam.com.tr\/es\/blog\/","title":{"rendered":"Blog"},"content":{"rendered":"<div data-elementor-type=\"wp-page\" data-elementor-id=\"163\" class=\"elementor elementor-163\">\n\t\t\t\t\t\t<section class=\"elementor-section elementor-top-section elementor-element elementor-element-49ed289f elementor-section-height-min-height elementor-section-boxed elementor-section-height-default elementor-section-items-middle\" data-id=\"49ed289f\" data-element_type=\"section\" data-settings=\"{&quot;background_background&quot;:&quot;video&quot;,&quot;background_video_link&quot;:&quot;https:\\\/\\\/www.tirreklam.com.tr\\\/wp-content\\\/uploads\\\/2024\\\/05\\\/tirreklam.com_.tr_.mp4&quot;,&quot;background_play_on_mobile&quot;:&quot;yes&quot;}\">\n\t\t\t\t\t\t\t\t<div class=\"elementor-background-video-container\">\n\t\t\t\t\t\t\t\t\t\t\t\t\t<video class=\"elementor-background-video-hosted elementor-html5-video\" autoplay muted playsinline loop><\/video>\n\t\t\t\t\t\t\t\t\t\t\t<\/div>\n\t\t\t\t\t\t\t\t\t<div class=\"elementor-background-overlay\"><\/div>\n\t\t\t\t\t\t\t<div class=\"elementor-container elementor-column-gap-default\">\n\t\t\t\t\t<div class=\"elementor-column elementor-col-100 elementor-top-column elementor-element elementor-element-77c3d083\" data-id=\"77c3d083\" data-element_type=\"column\">\n\t\t\t<div class=\"elementor-widget-wrap elementor-element-populated\">\n\t\t\t\t\t\t<div class=\"elementor-element elementor-element-7d76c057 de_scroll_animation_no elementor-invisible elementor-widget elementor-widget-heading\" data-id=\"7d76c057\" data-element_type=\"widget\" data-settings=\"{&quot;_animation&quot;:&quot;fadeInUp&quot;}\" data-widget_type=\"heading.default\">\n\t\t\t\t<div class=\"elementor-widget-container\">\n\t\t\t<style>\/*! elementor - v3.21.0 - 22-05-2024 *\/\n.elementor-heading-title{padding:0;margin:0;line-height:1}.elementor-widget-heading .elementor-heading-title[class*=elementor-size-]>a{color:inherit;font-size:inherit;line-height:inherit}.elementor-widget-heading .elementor-heading-title.elementor-size-small{font-size:15px}.elementor-widget-heading .elementor-heading-title.elementor-size-medium{font-size:19px}.elementor-widget-heading .elementor-heading-title.elementor-size-large{font-size:29px}.elementor-widget-heading .elementor-heading-title.elementor-size-xl{font-size:39px}.elementor-widget-heading .elementor-heading-title.elementor-size-xxl{font-size:59px}<\/style><h2 class=\"elementor-heading-title elementor-size-default\">Noticias y blog<\/h2>\t\t<\/div>\n\t\t\t\t<\/div>\n\t\t\t\t<div class=\"elementor-element elementor-element-75b580db elementor-icon-list--layout-inline elementor-align-center elementor-list-item-link-full_width de_scroll_animation_no elementor-invisible elementor-widget elementor-widget-icon-list\" data-id=\"75b580db\" data-element_type=\"widget\" data-settings=\"{&quot;_animation&quot;:&quot;fadeInUp&quot;,&quot;_animation_delay&quot;:200}\" data-widget_type=\"icon-list.default\">\n\t\t\t\t<div class=\"elementor-widget-container\">\n\t\t\t<link rel=\"stylesheet\" href=\"https:\/\/www.tirreklam.com.tr\/wp-content\/plugins\/elementor\/assets\/css\/widget-icon-list.min.css\">\t\t<ul class=\"elementor-icon-list-items elementor-inline-items\">\n\t\t\t\t\t\t\t<li class=\"elementor-icon-list-item elementor-inline-item\">\n\t\t\t\t\t\t\t\t\t\t\t<a href=\"#\">\n\n\t\t\t\t\t\t\t\t\t\t\t<span class=\"elementor-icon-list-text\">P\u00e1gina de inicio<\/span>\n\t\t\t\t\t\t\t\t\t\t\t<\/a>\n\t\t\t\t\t\t\t\t\t<\/li>\n\t\t\t\t\t\t\t\t<li class=\"elementor-icon-list-item elementor-inline-item\">\n\t\t\t\t\t\t\t\t\t\t\t<span class=\"elementor-icon-list-icon\">\n\t\t\t\t\t\t\t<svg aria-hidden=\"true\" class=\"e-font-icon-svg e-fas-long-arrow-alt-right\" viewbox=\"0 0 448 512\" xmlns=\"http:\/\/www.w3.org\/2000\/svg\"><path d=\"M313.941 216H12c-6.627 0-12 5.373-12 12v56c0 6.627 5.373 12 12 12h301.941v46.059c0 21.382 25.851 32.09 40.971 16.971l86.059-86.059c9.373-9.373 9.373-24.569 0-33.941l-86.059-86.059c-15.119-15.119-40.971-4.411-40.971 16.971V216z\"><\/path><\/svg>\t\t\t\t\t\t<\/span>\n\t\t\t\t\t\t\t\t\t\t<span class=\"elementor-icon-list-text\">Blog<\/span>\n\t\t\t\t\t\t\t\t\t<\/li>\n\t\t\t\t\t\t<\/ul>\n\t\t\t\t<\/div>\n\t\t\t\t<\/div>\n\t\t\t\t\t<\/div>\n\t\t<\/div>\n\t\t\t\t\t<\/div>\n\t\t<\/section>\n\t\t\t\t<section class=\"elementor-section elementor-top-section elementor-element elementor-element-4b1d66ce elementor-section-boxed elementor-section-height-default elementor-section-height-default\" data-id=\"4b1d66ce\" data-element_type=\"section\" data-settings=\"{&quot;background_background&quot;:&quot;classic&quot;}\">\n\t\t\t\t\t\t<div class=\"elementor-container elementor-column-gap-default\">\n\t\t\t\t\t<div class=\"elementor-column elementor-col-100 elementor-top-column elementor-element elementor-element-62607240\" data-id=\"62607240\" data-element_type=\"column\">\n\t\t\t<div class=\"elementor-widget-wrap elementor-element-populated\">\n\t\t\t\t\t\t<section class=\"elementor-section elementor-inner-section elementor-element elementor-element-79cb692d elementor-section-boxed elementor-section-height-default elementor-section-height-default elementor-invisible\" data-id=\"79cb692d\" data-element_type=\"section\" data-settings=\"{&quot;animation&quot;:&quot;fadeInUp&quot;,&quot;animation_delay&quot;:400}\">\n\t\t\t\t\t\t<div class=\"elementor-container elementor-column-gap-default\">\n\t\t\t\t\t<div class=\"elementor-column elementor-col-50 elementor-inner-column elementor-element elementor-element-405a8068 elementor-invisible\" data-id=\"405a8068\" data-element_type=\"column\" data-settings=\"{&quot;animation&quot;:&quot;fadeInUp&quot;,&quot;animation_delay&quot;:400}\">\n\t\t\t<div class=\"elementor-widget-wrap elementor-element-populated\">\n\t\t\t\t\t\t<div class=\"elementor-element elementor-element-4d84aebf de_scroll_animation_no elementor-widget elementor-widget-elementskit-blog-posts\" data-id=\"4d84aebf\" data-element_type=\"widget\" data-widget_type=\"elementskit-blog-posts.default\">\n\t\t\t\t<div class=\"elementor-widget-container\">\n\t\t\t<div class=\"ekit-wid-con\" >        <div id=\"post-items--4d84aebf\" class=\"row post-items\">\n                    <div class=\"col-lg-12 col-md-12\">\n\n                                    <div class=\"elementskit-post-image-card\">\n                        <div class=\"elementskit-entry-header\">\n                                                            <a href=\"https:\/\/www.tirreklam.com.tr\/es\/dorse-reklami-yenilikci-bir-pazarlama-stratejisi\/\" class=\"elementskit-entry-thumb\">\n                                    <img decoding=\"async\" src=\"https:\/\/www.tirreklam.com.tr\/wp-content\/uploads\/2024\/04\/B032_04_kopya-removebg-preview.png\" alt=\"Dorse Reklam\u0131: Yenilik\u00e7i Bir Pazarlama Stratejisi&#8221;\">\n                                <\/a><!-- .elementskit-entry-thumb END -->\n                                                            \n                            \n\t\t\t\t\t\t\t\t\t\t\t\t\t<\/div><!-- .elementskit-entry-header END -->\n\n\t\t\t\t\t\t<div class=\"elementskit-post-body\">\n\t\t\t\t\t\t\t\n\t\t\t\t\t\t\t\t\t\t\t\t\t\t\t\t\t\t\t\t\t\t\t\t\t\t\t\t\t\t\n\t\t\t\t\t\t\t\t\n\t\t\t\t\t\t\t\t\t\t\t\t\t\t\t\t\t\t\t\t\t<h2 class=\"entry-title\">\n\t\t\t\t\t<a href=\"https:\/\/www.tirreklam.com.tr\/es\/dorse-reklami-yenilikci-bir-pazarlama-stratejisi\/\">\n\t\t\t\t\t\tLa publicidad de Dorse: una estrategia de marketing innovadora\"\t\t\t\t\t<\/a>\n\t\t\t\t<\/h2>\n\t\t\t\t\t\t\t\t\t\t\t\t\t\t\t\t\t\t\t\t\t\t\t\t\t\t\t\t\t\t\t\t\t\t\t\t\t\t\t\t\t\t<p>Ventajas y beneficios de la publicidad en remolques: La publicidad en tr\u00e1iler es una herramienta innovadora y eficaz que las marcas pueden utilizar en sus estrategias de marketing. La publicidad en tr\u00e1iler tiene muchas ventajas....<\/p>\n\t\t\t\t\t\t\t\t\t\t\t\t\t\t\t\t\t\t\t\t\t\t                                                            <div class=\"btn-wraper\">\n                                                                            <a class=\"elementskit-btn whitespace--normal\" id=\"\" href=\"https:\/\/www.tirreklam.com.tr\/es\/dorse-reklami-yenilikci-bir-pazarlama-stratejisi\/\">\n                                            Seguir leyendo                                            <i aria-hidden=\"true\" class=\"icon icon-arrow-right\"><\/i>                                        <\/a>\n                                    \n                                                                    <\/div>\n                                                    <\/div><!-- .elementskit-post-body END -->\n                    <\/div>\n                \n            <\/div>\n                <\/div>\n       <\/div>\t\t<\/div>\n\t\t\t\t<\/div>\n\t\t\t\t\t<\/div>\n\t\t<\/div>\n\t\t\t\t<div class=\"elementor-column elementor-col-50 elementor-inner-column elementor-element elementor-element-7190e9c3 elementor-invisible\" data-id=\"7190e9c3\" data-element_type=\"column\" data-settings=\"{&quot;animation&quot;:&quot;fadeInUp&quot;,&quot;animation_delay&quot;:600}\">\n\t\t\t<div class=\"elementor-widget-wrap elementor-element-populated\">\n\t\t\t\t\t\t<div class=\"elementor-element elementor-element-3197254a elementor-align-left elementor-mobile-align-left de_scroll_animation_no elementor-widget elementor-widget-elementskit-post-list\" data-id=\"3197254a\" data-element_type=\"widget\" data-widget_type=\"elementskit-post-list.default\">\n\t\t\t\t<div class=\"elementor-widget-container\">\n\t\t\t<div class=\"ekit-wid-con\" >\t\t<ul class=\"elementor-icon-list-items ekit-post-list-wrapper\">\n\t\t\t\t\t\t<li class=\"elementor-icon-list-item\">\n\t\t\t\t<a href=\"https:\/\/www.tirreklam.com.tr\/es\/dorse-reklami-yenilikci-bir-pazarlama-stratejisi\/\" >\n\t\t\t\t\t<img fetchpriority=\"high\" decoding=\"async\" width=\"707\" height=\"353\" src=\"https:\/\/www.tirreklam.com.tr\/wp-content\/uploads\/2024\/04\/B032_04_kopya-removebg-preview.png\" class=\"attachment-full size-full wp-post-image\" alt=\"\" srcset=\"https:\/\/www.tirreklam.com.tr\/wp-content\/uploads\/2024\/04\/B032_04_kopya-removebg-preview.png 707w, https:\/\/www.tirreklam.com.tr\/wp-content\/uploads\/2024\/04\/B032_04_kopya-removebg-preview-300x150.png 300w\" sizes=\"(max-width: 707px) 100vw, 707px\" \/>\t\t\t\t\t<div class=\"ekit_post_list_content_wraper\">\n\t\t\t\t\t\t\n\t\t\t\t\t\t<span class=\"elementor-icon-list-text\">La publicidad de Dorse: una estrategia de marketing innovadora\"<\/span>\n\n\t\t\t\t\t\t\t\t\t\t\t\t\t\t\t\t\t\t<div class=\"meta-lists\">\n\t\t\t\t\t\t\t\t\t\t\t\t\t\t<span class=\"meta-date\">\n\t\t\t\t\t\t\t\t\t\n\n\t\t\t\t\t\t\t\t13 de mayo de 2024\t\t\t\t\t\t\t<\/span>\n\t\t\t\t\t\t\t\n\t\t\t\t\t\t\t\t\t\t\t\t\t<\/div>\n\t\t\t\t\t\t\t\t\t\t\t<\/div>\n\t\t\t\t<\/a>\n\t\t\t<\/li>\n\t\t\t\t\t<li class=\"elementor-icon-list-item\">\n\t\t\t\t<a href=\"https:\/\/www.tirreklam.com.tr\/es\/dorse-reklamciliginin-gucu-markanizi-yola-cikarin\/\" >\n\t\t\t\t\t<img decoding=\"async\" width=\"1600\" height=\"800\" src=\"https:\/\/www.tirreklam.com.tr\/wp-content\/uploads\/2024\/04\/WhatsApp-Image-2024-04-16-at-14.21.59-1.jpeg\" class=\"attachment-full size-full wp-post-image\" alt=\"\" srcset=\"https:\/\/www.tirreklam.com.tr\/wp-content\/uploads\/2024\/04\/WhatsApp-Image-2024-04-16-at-14.21.59-1.jpeg 1600w, https:\/\/www.tirreklam.com.tr\/wp-content\/uploads\/2024\/04\/WhatsApp-Image-2024-04-16-at-14.21.59-1-300x150.jpeg 300w, https:\/\/www.tirreklam.com.tr\/wp-content\/uploads\/2024\/04\/WhatsApp-Image-2024-04-16-at-14.21.59-1-1024x512.jpeg 1024w, https:\/\/www.tirreklam.com.tr\/wp-content\/uploads\/2024\/04\/WhatsApp-Image-2024-04-16-at-14.21.59-1-768x384.jpeg 768w, https:\/\/www.tirreklam.com.tr\/wp-content\/uploads\/2024\/04\/WhatsApp-Image-2024-04-16-at-14.21.59-1-1536x768.jpeg 1536w\" sizes=\"(max-width: 1600px) 100vw, 1600px\" \/>\t\t\t\t\t<div class=\"ekit_post_list_content_wraper\">\n\t\t\t\t\t\t\n\t\t\t\t\t\t<span class=\"elementor-icon-list-text\">El poder de la publicidad en remolque: Lleve su marca de viaje<\/span>\n\n\t\t\t\t\t\t\t\t\t\t\t\t\t\t\t\t\t\t<div class=\"meta-lists\">\n\t\t\t\t\t\t\t\t\t\t\t\t\t\t<span class=\"meta-date\">\n\t\t\t\t\t\t\t\t\t\n\n\t\t\t\t\t\t\t\t13 de mayo de 2024\t\t\t\t\t\t\t<\/span>\n\t\t\t\t\t\t\t\n\t\t\t\t\t\t\t\t\t\t\t\t\t<\/div>\n\t\t\t\t\t\t\t\t\t\t\t<\/div>\n\t\t\t\t<\/a>\n\t\t\t<\/li>\n\t\t\t\t\t<li class=\"elementor-icon-list-item\">\n\t\t\t\t<a href=\"https:\/\/www.tirreklam.com.tr\/es\/tir-reklami-verme-surecine-dair-her-sey\/\" >\n\t\t\t\t\t<img decoding=\"async\" width=\"666\" height=\"375\" src=\"https:\/\/www.tirreklam.com.tr\/wp-content\/uploads\/2024\/04\/10898_kopya-removebg-preview.png\" class=\"attachment-full size-full wp-post-image\" alt=\"\" srcset=\"https:\/\/www.tirreklam.com.tr\/wp-content\/uploads\/2024\/04\/10898_kopya-removebg-preview.png 666w, https:\/\/www.tirreklam.com.tr\/wp-content\/uploads\/2024\/04\/10898_kopya-removebg-preview-300x169.png 300w\" sizes=\"(max-width: 666px) 100vw, 666px\" \/>\t\t\t\t\t<div class=\"ekit_post_list_content_wraper\">\n\t\t\t\t\t\t\n\t\t\t\t\t\t<span class=\"elementor-icon-list-text\">Todo sobre el proceso de publicidad en camiones<\/span>\n\n\t\t\t\t\t\t\t\t\t\t\t\t\t\t\t\t\t\t<div class=\"meta-lists\">\n\t\t\t\t\t\t\t\t\t\t\t\t\t\t<span class=\"meta-date\">\n\t\t\t\t\t\t\t\t\t\n\n\t\t\t\t\t\t\t\t17 Abr 2024\t\t\t\t\t\t\t<\/span>\n\t\t\t\t\t\t\t\n\t\t\t\t\t\t\t\t\t\t\t\t\t<\/div>\n\t\t\t\t\t\t\t\t\t\t\t<\/div>\n\t\t\t\t<\/a>\n\t\t\t<\/li>\n\t\t\t\t<\/ul>\n\t\t<\/div>\t\t<\/div>\n\t\t\t\t<\/div>\n\t\t\t\t\t<\/div>\n\t\t<\/div>\n\t\t\t\t\t<\/div>\n\t\t<\/section>\n\t\t\t\t\t<\/div>\n\t\t<\/div>\n\t\t\t\t\t<\/div>\n\t\t<\/section>\n\t\t\t\t<\/div>","protected":false},"excerpt":{"rendered":"<p>Bizden Haberler &#038; Blog Ana Sayfa Blog Dorse Reklam\u0131: Yenilik\u00e7i Bir Pazarlama Stratejisi&#8221; Dorse Reklam\u0131n\u0131n Avantajlar\u0131 ve Faydalar\u0131: Dorse reklam\u0131, markalar\u0131n pazarlama stratejilerinde kullanabilecekleri yenilik\u00e7i ve etkili bir ara\u00e7t\u0131r. Dorse reklam\u0131n\u0131n bir\u00e7ok avantaj\u0131 vard\u0131r.&hellip; Devam\u0131 Dorse Reklam\u0131: Yenilik\u00e7i Bir Pazarlama Stratejisi&quot; 13 May 2024 Dorse Reklamc\u0131l\u0131\u011f\u0131n\u0131n G\u00fcc\u00fc: Markan\u0131z\u0131 Yola \u00c7\u0131kar\u0131n 13 May 2024 T\u0131r Reklam\u0131 [&hellip;]<\/p>","protected":false},"author":1,"featured_media":0,"parent":0,"menu_order":0,"comment_status":"closed","ping_status":"closed","template":"elementor_header_footer","meta":{"footnotes":""},"_links":{"self":[{"href":"https:\/\/www.tirreklam.com.tr\/es\/wp-json\/wp\/v2\/pages\/163"}],"collection":[{"href":"https:\/\/www.tirreklam.com.tr\/es\/wp-json\/wp\/v2\/pages"}],"about":[{"href":"https:\/\/www.tirreklam.com.tr\/es\/wp-json\/wp\/v2\/types\/page"}],"author":[{"embeddable":true,"href":"https:\/\/www.tirreklam.com.tr\/es\/wp-json\/wp\/v2\/users\/1"}],"replies":[{"embeddable":true,"href":"https:\/\/www.tirreklam.com.tr\/es\/wp-json\/wp\/v2\/comments?post=163"}],"version-history":[{"count":22,"href":"https:\/\/www.tirreklam.com.tr\/es\/wp-json\/wp\/v2\/pages\/163\/revisions"}],"predecessor-version":[{"id":786,"href":"https:\/\/www.tirreklam.com.tr\/es\/wp-json\/wp\/v2\/pages\/163\/revisions\/786"}],"wp:attachment":[{"href":"https:\/\/www.tirreklam.com.tr\/es\/wp-json\/wp\/v2\/media?parent=163"}],"curies":[{"name":"wp","href":"https:\/\/api.w.org\/{rel}","templated":true}]}}