{"id":155,"date":"2024-04-17T18:45:05","date_gmt":"2024-04-17T15:45:05","guid":{"rendered":"https:\/\/tirreklam.ctemplate.com\/?page_id=155"},"modified":"2024-05-25T15:06:46","modified_gmt":"2024-05-25T12:06:46","slug":"reklamalan","status":"publish","type":"page","link":"https:\/\/www.tirreklam.com.tr\/de\/reklamalan\/","title":{"rendered":"Anzeigenk\u00e4ufer"},"content":{"rendered":"<div data-elementor-type=\"wp-page\" data-elementor-id=\"155\" class=\"elementor elementor-155\">\n\t\t\t\t\t\t<section class=\"elementor-section elementor-top-section elementor-element elementor-element-1ae08468 elementor-section-height-min-height elementor-section-boxed elementor-section-height-default elementor-section-items-middle\" data-id=\"1ae08468\" data-element_type=\"section\" data-settings=\"{&quot;background_background&quot;:&quot;video&quot;,&quot;background_video_link&quot;:&quot;https:\\\/\\\/www.tirreklam.com.tr\\\/wp-content\\\/uploads\\\/2024\\\/05\\\/tirreklam.com_.tr_.mp4&quot;,&quot;background_play_on_mobile&quot;:&quot;yes&quot;}\">\n\t\t\t\t\t\t\t\t<div class=\"elementor-background-video-container\">\n\t\t\t\t\t\t\t\t\t\t\t\t\t<video class=\"elementor-background-video-hosted elementor-html5-video\" autoplay muted playsinline loop><\/video>\n\t\t\t\t\t\t\t\t\t\t\t<\/div>\n\t\t\t\t\t\t\t\t\t<div class=\"elementor-background-overlay\"><\/div>\n\t\t\t\t\t\t\t<div class=\"elementor-container elementor-column-gap-default\">\n\t\t\t\t\t<div class=\"elementor-column elementor-col-100 elementor-top-column elementor-element elementor-element-d4c9e47\" data-id=\"d4c9e47\" data-element_type=\"column\">\n\t\t\t<div class=\"elementor-widget-wrap elementor-element-populated\">\n\t\t\t\t\t\t<div class=\"elementor-element elementor-element-aadb21c de_scroll_animation_no elementor-invisible elementor-widget elementor-widget-heading\" data-id=\"aadb21c\" data-element_type=\"widget\" data-settings=\"{&quot;_animation&quot;:&quot;fadeInUp&quot;}\" data-widget_type=\"heading.default\">\n\t\t\t\t<div class=\"elementor-widget-container\">\n\t\t\t<style>\/*! elementor - v3.21.0 - 22-05-2024 *\/\n.elementor-heading-title{padding:0;margin:0;line-height:1}.elementor-widget-heading .elementor-heading-title[class*=elementor-size-]>a{color:inherit;font-size:inherit;line-height:inherit}.elementor-widget-heading .elementor-heading-title.elementor-size-small{font-size:15px}.elementor-widget-heading .elementor-heading-title.elementor-size-medium{font-size:19px}.elementor-widget-heading .elementor-heading-title.elementor-size-large{font-size:29px}.elementor-widget-heading .elementor-heading-title.elementor-size-xl{font-size:39px}.elementor-widget-heading .elementor-heading-title.elementor-size-xxl{font-size:59px}<\/style><h2 class=\"elementor-heading-title elementor-size-default\">Anzeigenk\u00e4ufer<\/h2>\t\t<\/div>\n\t\t\t\t<\/div>\n\t\t\t\t<div class=\"elementor-element elementor-element-48978862 elementor-icon-list--layout-inline elementor-align-center elementor-list-item-link-full_width de_scroll_animation_no elementor-invisible elementor-widget elementor-widget-icon-list\" data-id=\"48978862\" data-element_type=\"widget\" data-settings=\"{&quot;_animation&quot;:&quot;fadeInUp&quot;,&quot;_animation_delay&quot;:200}\" data-widget_type=\"icon-list.default\">\n\t\t\t\t<div class=\"elementor-widget-container\">\n\t\t\t<link rel=\"stylesheet\" href=\"https:\/\/www.tirreklam.com.tr\/wp-content\/plugins\/elementor\/assets\/css\/widget-icon-list.min.css\">\t\t<ul class=\"elementor-icon-list-items elementor-inline-items\">\n\t\t\t\t\t\t\t<li class=\"elementor-icon-list-item elementor-inline-item\">\n\t\t\t\t\t\t\t\t\t\t\t<a href=\"#\">\n\n\t\t\t\t\t\t\t\t\t\t\t<span class=\"elementor-icon-list-text\">Startseite<\/span>\n\t\t\t\t\t\t\t\t\t\t\t<\/a>\n\t\t\t\t\t\t\t\t\t<\/li>\n\t\t\t\t\t\t\t\t<li class=\"elementor-icon-list-item elementor-inline-item\">\n\t\t\t\t\t\t\t\t\t\t\t<span class=\"elementor-icon-list-icon\">\n\t\t\t\t\t\t\t<svg aria-hidden=\"true\" class=\"e-font-icon-svg e-fas-long-arrow-alt-right\" viewbox=\"0 0 448 512\" xmlns=\"http:\/\/www.w3.org\/2000\/svg\"><path d=\"M313.941 216H12c-6.627 0-12 5.373-12 12v56c0 6.627 5.373 12 12 12h301.941v46.059c0 21.382 25.851 32.09 40.971 16.971l86.059-86.059c9.373-9.373 9.373-24.569 0-33.941l-86.059-86.059c-15.119-15.119-40.971-4.411-40.971 16.971V216z\"><\/path><\/svg>\t\t\t\t\t\t<\/span>\n\t\t\t\t\t\t\t\t\t\t<span class=\"elementor-icon-list-text\">Anzeigenk\u00e4ufer<\/span>\n\t\t\t\t\t\t\t\t\t<\/li>\n\t\t\t\t\t\t<\/ul>\n\t\t\t\t<\/div>\n\t\t\t\t<\/div>\n\t\t\t\t\t<\/div>\n\t\t<\/div>\n\t\t\t\t\t<\/div>\n\t\t<\/section>\n\t\t\t\t<section class=\"elementor-section elementor-top-section elementor-element elementor-element-7a762e2b elementor-section-boxed elementor-section-height-default elementor-section-height-default\" data-id=\"7a762e2b\" data-element_type=\"section\" data-settings=\"{&quot;background_background&quot;:&quot;classic&quot;}\">\n\t\t\t\t\t\t\t<div class=\"elementor-background-overlay\"><\/div>\n\t\t\t\t\t\t\t<div class=\"elementor-container elementor-column-gap-default\">\n\t\t\t\t\t<div class=\"elementor-column elementor-col-50 elementor-top-column elementor-element elementor-element-37161524\" data-id=\"37161524\" data-element_type=\"column\">\n\t\t\t<div class=\"elementor-widget-wrap elementor-element-populated\">\n\t\t\t\t\t\t<div class=\"elementor-element elementor-element-3f9e366b de_scroll_animation_no elementor-invisible elementor-widget elementor-widget-text-editor\" data-id=\"3f9e366b\" data-element_type=\"widget\" data-settings=\"{&quot;_animation&quot;:&quot;fadeInUp&quot;}\" data-widget_type=\"text-editor.default\">\n\t\t\t\t<div class=\"elementor-widget-container\">\n\t\t\t<style>\/*! elementor - v3.21.0 - 22-05-2024 *\/\n.elementor-widget-text-editor.elementor-drop-cap-view-stacked .elementor-drop-cap{background-color:#69727d;color:#fff}.elementor-widget-text-editor.elementor-drop-cap-view-framed .elementor-drop-cap{color:#69727d;border:3px solid;background-color:transparent}.elementor-widget-text-editor:not(.elementor-drop-cap-view-default) .elementor-drop-cap{margin-top:8px}.elementor-widget-text-editor:not(.elementor-drop-cap-view-default) .elementor-drop-cap-letter{width:1em;height:1em}.elementor-widget-text-editor .elementor-drop-cap{float:left;text-align:center;line-height:1;font-size:50px}.elementor-widget-text-editor .elementor-drop-cap-letter{display:inline-block}<\/style>\t\t\t\t<p>Ich m\u00f6chte meinen Anh\u00e4nger mieten<\/p>\t\t\t\t\t\t<\/div>\n\t\t\t\t<\/div>\n\t\t\t\t<div class=\"elementor-element elementor-element-349d423e de_scroll_animation_no elementor-invisible elementor-widget elementor-widget-heading\" data-id=\"349d423e\" data-element_type=\"widget\" data-settings=\"{&quot;_animation&quot;:&quot;fadeInUp&quot;,&quot;_animation_delay&quot;:200}\" data-widget_type=\"heading.default\">\n\t\t\t\t<div class=\"elementor-widget-container\">\n\t\t\t<h2 class=\"elementor-heading-title elementor-size-default\">Mit Lkw-Werbung Markisenkosten sparen<\/h2>\t\t<\/div>\n\t\t\t\t<\/div>\n\t\t\t\t<div class=\"elementor-element elementor-element-750888b9 de_scroll_animation_no elementor-invisible elementor-widget elementor-widget-text-editor\" data-id=\"750888b9\" data-element_type=\"widget\" data-settings=\"{&quot;_animation&quot;:&quot;fadeInUp&quot;,&quot;_animation_delay&quot;:400}\" data-widget_type=\"text-editor.default\">\n\t\t\t\t<div class=\"elementor-widget-container\">\n\t\t\t\t\t\t\t<p>Als Truck Advertising ITALOG statten wir den Anh\u00e4nger im Gegenzug zum Truck Rental Service kostenlos mit hochwertigen Markisen aus. Sie k\u00f6nnen uns f\u00fcr Details und Vorteile kontaktieren.<\/p>\t\t\t\t\t\t<\/div>\n\t\t\t\t<\/div>\n\t\t\t\t<div class=\"jet-popup-target elementor-element elementor-element-6cb09ac elementor-tablet-align-center de_scroll_animation_no elementor-widget elementor-widget-button\" data-jet-popup=\"{&quot;attached-popup&quot;:&quot;jet-popup-663&quot;,&quot;trigger-type&quot;:&quot;click-self&quot;,&quot;trigger-custom-selector&quot;:&quot;&quot;}\" data-id=\"6cb09ac\" data-element_type=\"widget\" data-widget_type=\"button.default\">\n\t\t\t\t<div class=\"elementor-widget-container\">\n\t\t\t\t\t<div class=\"elementor-button-wrapper\">\n\t\t\t<a class=\"elementor-button elementor-button-link elementor-size-sm\" href=\"#\">\n\t\t\t\t\t\t<span class=\"elementor-button-content-wrapper\">\n\t\t\t\t\t\t\t\t\t<span class=\"elementor-button-text\">Kontakt-Formular<\/span>\n\t\t\t\t\t<\/span>\n\t\t\t\t\t<\/a>\n\t\t<\/div>\n\t\t\t\t<\/div>\n\t\t\t\t<\/div>\n\t\t\t\t\t<\/div>\n\t\t<\/div>\n\t\t\t\t<div class=\"elementor-column elementor-col-50 elementor-top-column elementor-element elementor-element-16d76a\" data-id=\"16d76a\" data-element_type=\"column\" data-settings=\"{&quot;background_background&quot;:&quot;classic&quot;}\">\n\t\t\t<div class=\"elementor-widget-wrap elementor-element-populated\">\n\t\t\t\t\t\t<div class=\"elementor-element elementor-element-1beca32 de_scroll_animation_no elementor-widget elementor-widget-image\" data-id=\"1beca32\" data-element_type=\"widget\" data-widget_type=\"image.default\">\n\t\t\t\t<div class=\"elementor-widget-container\">\n\t\t\t<style>\/*! elementor - v3.21.0 - 22-05-2024 *\/\n.elementor-widget-image{text-align:center}.elementor-widget-image a{display:inline-block}.elementor-widget-image a img[src$=\".svg\"]{width:48px}.elementor-widget-image img{vertical-align:middle;display:inline-block}<\/style>\t\t\t\t\t\t\t\t\t\t<img fetchpriority=\"high\" decoding=\"async\" width=\"666\" height=\"375\" src=\"https:\/\/www.tirreklam.com.tr\/wp-content\/uploads\/2024\/05\/tir_reklam_min.png\" class=\"attachment-large size-large wp-image-352\" alt=\"\" srcset=\"https:\/\/www.tirreklam.com.tr\/wp-content\/uploads\/2024\/05\/tir_reklam_min.png 666w, https:\/\/www.tirreklam.com.tr\/wp-content\/uploads\/2024\/05\/tir_reklam_min-300x169.png 300w\" sizes=\"(max-width: 666px) 100vw, 666px\" \/>\t\t\t\t\t\t\t\t\t\t\t\t\t<\/div>\n\t\t\t\t<\/div>\n\t\t\t\t\t<\/div>\n\t\t<\/div>\n\t\t\t\t\t<\/div>\n\t\t<\/section>\n\t\t\t\t<section class=\"elementor-section elementor-top-section elementor-element elementor-element-015344b elementor-section-boxed elementor-section-height-default elementor-section-height-default\" data-id=\"015344b\" data-element_type=\"section\" data-settings=\"{&quot;background_background&quot;:&quot;classic&quot;}\">\n\t\t\t\t\t\t\t<div class=\"elementor-background-overlay\"><\/div>\n\t\t\t\t\t\t\t<div class=\"elementor-container elementor-column-gap-default\">\n\t\t\t\t\t<div class=\"elementor-column elementor-col-100 elementor-top-column elementor-element elementor-element-3922ee5\" data-id=\"3922ee5\" data-element_type=\"column\">\n\t\t\t<div class=\"elementor-widget-wrap elementor-element-populated\">\n\t\t\t\t\t\t<div class=\"elementor-element elementor-element-9586df5 de_scroll_animation_no elementor-invisible elementor-widget elementor-widget-text-editor\" data-id=\"9586df5\" data-element_type=\"widget\" data-settings=\"{&quot;_animation&quot;:&quot;fadeInUp&quot;}\" data-widget_type=\"text-editor.default\">\n\t\t\t\t<div class=\"elementor-widget-container\">\n\t\t\t\t\t\t\t<p>Vorteile der Anh\u00e4ngervermietung<\/p>\t\t\t\t\t\t<\/div>\n\t\t\t\t<\/div>\n\t\t\t\t<div class=\"elementor-element elementor-element-74f663b de_scroll_animation_no elementor-invisible elementor-widget elementor-widget-heading\" data-id=\"74f663b\" data-element_type=\"widget\" data-settings=\"{&quot;_animation&quot;:&quot;fadeInUp&quot;,&quot;_animation_delay&quot;:200}\" data-widget_type=\"heading.default\">\n\t\t\t\t<div class=\"elementor-widget-container\">\n\t\t\t<h2 class=\"elementor-heading-title elementor-size-default\">Mit Lkw-Werbung Markisenkosten sparen<\/h2>\t\t<\/div>\n\t\t\t\t<\/div>\n\t\t\t\t<div class=\"elementor-element elementor-element-9d8bfef de_scroll_animation_no elementor-invisible elementor-widget elementor-widget-text-editor\" data-id=\"9d8bfef\" data-element_type=\"widget\" data-settings=\"{&quot;_animation&quot;:&quot;fadeInUp&quot;,&quot;_animation_delay&quot;:400}\" data-widget_type=\"text-editor.default\">\n\t\t\t\t<div class=\"elementor-widget-container\">\n\t\t\t\t\t\t\t<p><strong>Vorteile der Anh\u00e4ngervermietung<\/strong><\/p><p>Das Mieten von Anh\u00e4ngern ist eine flexible und wirtschaftliche L\u00f6sung, die den Unternehmen viele Vorteile bietet. Hier sind einige der Vorteile der Anh\u00e4ngermiete:<\/p><ol><li><p><strong>Befreiung von der Zahlungsverpflichtung f\u00fcr die Markise:<\/strong> Einer der wichtigsten Vorteile der Anh\u00e4ngermiete ist, dass Sie nicht jedes Jahr f\u00fcr Markisen bezahlen m\u00fcssen. Mit der Anh\u00e4ngermiete werden Sie die Markisenkosten los und senken Ihre Betriebskosten.<\/p><\/li><li><p><strong>Profitieren Sie von Sondervereinbarungen:<\/strong> Die Anh\u00e4ngervermietung bietet die M\u00f6glichkeit, besondere Vereinbarungen zu treffen und an bestimmten Standorten feste Einnahmen zu erzielen. Vor allem Anh\u00e4nger, die st\u00e4ndig in einem bestimmten Gebiet stehen, er\u00f6ffnen zus\u00e4tzliche Gewinnm\u00f6glichkeiten f\u00fcr Unternehmen.<\/p><\/li><li><p><strong>Steigerung des Gesch\u00e4ftspotenzials von Werbetreibenden:<\/strong> Die Anh\u00e4ngervermietung bietet auch Vorteile f\u00fcr Werbeunternehmen. W\u00e4hrend das Werbeunternehmen seine Markenbekanntheit durch die Werbung auf dem Anh\u00e4nger erh\u00f6ht, steigert es auch sein Gesch\u00e4ftspotenzial. Der Anh\u00e4nger bewegt sich mit den Lasten des Werbeunternehmens und erm\u00f6glicht es ihm, einen gr\u00f6\u00dferen Kundenkreis zu erreichen.<\/p><\/li><li><p><strong>Sparen Sie Waschkosten:<\/strong> Die Nutzung eines Mietanh\u00e4ngers erspart Ihnen auch die Waschkosten. Der Mietanh\u00e4nger wird regelm\u00e4\u00dfig gewaschen, gereinigt und gewartet, so dass Sie keine zus\u00e4tzlichen Waschkosten haben.<\/p><\/li><\/ol><p>Die Anh\u00e4ngermiete ist eine ideale L\u00f6sung f\u00fcr Unternehmen, um Kosten zu senken und betriebliche Flexibilit\u00e4t zu gew\u00e4hrleisten. Sie k\u00f6nnen von den Vorteilen profitieren, indem Sie einen Plan f\u00fcr die Anh\u00e4ngermiete erstellen, der auf die Bed\u00fcrfnisse Ihres Unternehmens zugeschnitten ist.<\/p>\t\t\t\t\t\t<\/div>\n\t\t\t\t<\/div>\n\t\t\t\t\t<\/div>\n\t\t<\/div>\n\t\t\t\t\t<\/div>\n\t\t<\/section>\n\t\t\t\t<\/div>","protected":false},"excerpt":{"rendered":"<p>Reklam Alan Home Reklam Alan Dorsemi Kiralamak \u0130stiyorum T\u0131r Reklam ile Tente Masraf\u0131ndan Kurtulun T\u0131r Reklam ITALOG olarak, t\u0131r kiralama hizmeti kar\u015f\u0131l\u0131\u011f\u0131nda dorsesini \u00fcst kalite tenteler ile \u00fccretsiz giydiriyoruz. Detaylar ve avantajlar i\u00e7in ileti\u015fime ge\u00e7ebilirsiniz. \u0130leti\u015fim Formu Dorse Kiralaman\u0131n Avantajlar\u0131 T\u0131r Reklam ile Tente Masraf\u0131ndan Kurtulun Dorse Kiralaman\u0131n Avantajlar\u0131 Dorse kiralama, i\u015fletmelere bir\u00e7ok avantaj sa\u011flayan [&hellip;]<\/p>","protected":false},"author":1,"featured_media":0,"parent":0,"menu_order":0,"comment_status":"closed","ping_status":"closed","template":"elementor_header_footer","meta":{"footnotes":""},"_links":{"self":[{"href":"https:\/\/www.tirreklam.com.tr\/de\/wp-json\/wp\/v2\/pages\/155"}],"collection":[{"href":"https:\/\/www.tirreklam.com.tr\/de\/wp-json\/wp\/v2\/pages"}],"about":[{"href":"https:\/\/www.tirreklam.com.tr\/de\/wp-json\/wp\/v2\/types\/page"}],"author":[{"embeddable":true,"href":"https:\/\/www.tirreklam.com.tr\/de\/wp-json\/wp\/v2\/users\/1"}],"replies":[{"embeddable":true,"href":"https:\/\/www.tirreklam.com.tr\/de\/wp-json\/wp\/v2\/comments?post=155"}],"version-history":[{"count":27,"href":"https:\/\/www.tirreklam.com.tr\/de\/wp-json\/wp\/v2\/pages\/155\/revisions"}],"predecessor-version":[{"id":795,"href":"https:\/\/www.tirreklam.com.tr\/de\/wp-json\/wp\/v2\/pages\/155\/revisions\/795"}],"wp:attachment":[{"href":"https:\/\/www.tirreklam.com.tr\/de\/wp-json\/wp\/v2\/media?parent=155"}],"curies":[{"name":"wp","href":"https:\/\/api.w.org\/{rel}","templated":true}]}}