{"id":155,"date":"2024-04-17T18:45:05","date_gmt":"2024-04-17T15:45:05","guid":{"rendered":"https:\/\/tirreklam.ctemplate.com\/?page_id=155"},"modified":"2024-05-25T15:06:46","modified_gmt":"2024-05-25T12:06:46","slug":"reklamalan","status":"publish","type":"page","link":"https:\/\/www.tirreklam.com.tr\/bg\/reklamalan\/","title":{"rendered":"\u041a\u0443\u043f\u0443\u0432\u0430\u0447 \u043d\u0430 \u0440\u0435\u043a\u043b\u0430\u043c\u0438"},"content":{"rendered":"<div data-elementor-type=\"wp-page\" data-elementor-id=\"155\" class=\"elementor elementor-155\">\n\t\t\t\t\t\t<section class=\"elementor-section elementor-top-section elementor-element elementor-element-1ae08468 elementor-section-height-min-height elementor-section-boxed elementor-section-height-default elementor-section-items-middle\" data-id=\"1ae08468\" data-element_type=\"section\" data-settings=\"{&quot;background_background&quot;:&quot;video&quot;,&quot;background_video_link&quot;:&quot;https:\\\/\\\/www.tirreklam.com.tr\\\/wp-content\\\/uploads\\\/2024\\\/05\\\/tirreklam.com_.tr_.mp4&quot;,&quot;background_play_on_mobile&quot;:&quot;yes&quot;}\">\n\t\t\t\t\t\t\t\t<div class=\"elementor-background-video-container\">\n\t\t\t\t\t\t\t\t\t\t\t\t\t<video class=\"elementor-background-video-hosted elementor-html5-video\" autoplay muted playsinline loop><\/video>\n\t\t\t\t\t\t\t\t\t\t\t<\/div>\n\t\t\t\t\t\t\t\t\t<div class=\"elementor-background-overlay\"><\/div>\n\t\t\t\t\t\t\t<div class=\"elementor-container elementor-column-gap-default\">\n\t\t\t\t\t<div class=\"elementor-column elementor-col-100 elementor-top-column elementor-element elementor-element-d4c9e47\" data-id=\"d4c9e47\" data-element_type=\"column\">\n\t\t\t<div class=\"elementor-widget-wrap elementor-element-populated\">\n\t\t\t\t\t\t<div class=\"elementor-element elementor-element-aadb21c de_scroll_animation_no elementor-invisible elementor-widget elementor-widget-heading\" data-id=\"aadb21c\" data-element_type=\"widget\" data-settings=\"{&quot;_animation&quot;:&quot;fadeInUp&quot;}\" data-widget_type=\"heading.default\">\n\t\t\t\t<div class=\"elementor-widget-container\">\n\t\t\t<style>\/*! elementor - v3.21.0 - 22-05-2024 *\/\n.elementor-heading-title{padding:0;margin:0;line-height:1}.elementor-widget-heading .elementor-heading-title[class*=elementor-size-]>a{color:inherit;font-size:inherit;line-height:inherit}.elementor-widget-heading .elementor-heading-title.elementor-size-small{font-size:15px}.elementor-widget-heading .elementor-heading-title.elementor-size-medium{font-size:19px}.elementor-widget-heading .elementor-heading-title.elementor-size-large{font-size:29px}.elementor-widget-heading .elementor-heading-title.elementor-size-xl{font-size:39px}.elementor-widget-heading .elementor-heading-title.elementor-size-xxl{font-size:59px}<\/style><h2 class=\"elementor-heading-title elementor-size-default\">\u041a\u0443\u043f\u0443\u0432\u0430\u0447 \u043d\u0430 \u0440\u0435\u043a\u043b\u0430\u043c\u0438<\/h2>\t\t<\/div>\n\t\t\t\t<\/div>\n\t\t\t\t<div class=\"elementor-element elementor-element-48978862 elementor-icon-list--layout-inline elementor-align-center elementor-list-item-link-full_width de_scroll_animation_no elementor-invisible elementor-widget elementor-widget-icon-list\" data-id=\"48978862\" data-element_type=\"widget\" data-settings=\"{&quot;_animation&quot;:&quot;fadeInUp&quot;,&quot;_animation_delay&quot;:200}\" data-widget_type=\"icon-list.default\">\n\t\t\t\t<div class=\"elementor-widget-container\">\n\t\t\t<link rel=\"stylesheet\" href=\"https:\/\/www.tirreklam.com.tr\/wp-content\/plugins\/elementor\/assets\/css\/widget-icon-list.min.css\">\t\t<ul class=\"elementor-icon-list-items elementor-inline-items\">\n\t\t\t\t\t\t\t<li class=\"elementor-icon-list-item elementor-inline-item\">\n\t\t\t\t\t\t\t\t\t\t\t<a href=\"#\">\n\n\t\t\t\t\t\t\t\t\t\t\t<span class=\"elementor-icon-list-text\">\u041d\u0430\u0447\u0430\u043b\u043e<\/span>\n\t\t\t\t\t\t\t\t\t\t\t<\/a>\n\t\t\t\t\t\t\t\t\t<\/li>\n\t\t\t\t\t\t\t\t<li class=\"elementor-icon-list-item elementor-inline-item\">\n\t\t\t\t\t\t\t\t\t\t\t<span class=\"elementor-icon-list-icon\">\n\t\t\t\t\t\t\t<svg aria-hidden=\"true\" class=\"e-font-icon-svg e-fas-long-arrow-alt-right\" viewbox=\"0 0 448 512\" xmlns=\"http:\/\/www.w3.org\/2000\/svg\"><path d=\"M313.941 216H12c-6.627 0-12 5.373-12 12v56c0 6.627 5.373 12 12 12h301.941v46.059c0 21.382 25.851 32.09 40.971 16.971l86.059-86.059c9.373-9.373 9.373-24.569 0-33.941l-86.059-86.059c-15.119-15.119-40.971-4.411-40.971 16.971V216z\"><\/path><\/svg>\t\t\t\t\t\t<\/span>\n\t\t\t\t\t\t\t\t\t\t<span class=\"elementor-icon-list-text\">\u041a\u0443\u043f\u0443\u0432\u0430\u0447 \u043d\u0430 \u0440\u0435\u043a\u043b\u0430\u043c\u0438<\/span>\n\t\t\t\t\t\t\t\t\t<\/li>\n\t\t\t\t\t\t<\/ul>\n\t\t\t\t<\/div>\n\t\t\t\t<\/div>\n\t\t\t\t\t<\/div>\n\t\t<\/div>\n\t\t\t\t\t<\/div>\n\t\t<\/section>\n\t\t\t\t<section class=\"elementor-section elementor-top-section elementor-element elementor-element-7a762e2b elementor-section-boxed elementor-section-height-default elementor-section-height-default\" data-id=\"7a762e2b\" data-element_type=\"section\" data-settings=\"{&quot;background_background&quot;:&quot;classic&quot;}\">\n\t\t\t\t\t\t\t<div class=\"elementor-background-overlay\"><\/div>\n\t\t\t\t\t\t\t<div class=\"elementor-container elementor-column-gap-default\">\n\t\t\t\t\t<div class=\"elementor-column elementor-col-50 elementor-top-column elementor-element elementor-element-37161524\" data-id=\"37161524\" data-element_type=\"column\">\n\t\t\t<div class=\"elementor-widget-wrap elementor-element-populated\">\n\t\t\t\t\t\t<div class=\"elementor-element elementor-element-3f9e366b de_scroll_animation_no elementor-invisible elementor-widget elementor-widget-text-editor\" data-id=\"3f9e366b\" data-element_type=\"widget\" data-settings=\"{&quot;_animation&quot;:&quot;fadeInUp&quot;}\" data-widget_type=\"text-editor.default\">\n\t\t\t\t<div class=\"elementor-widget-container\">\n\t\t\t<style>\/*! elementor - v3.21.0 - 22-05-2024 *\/\n.elementor-widget-text-editor.elementor-drop-cap-view-stacked .elementor-drop-cap{background-color:#69727d;color:#fff}.elementor-widget-text-editor.elementor-drop-cap-view-framed .elementor-drop-cap{color:#69727d;border:3px solid;background-color:transparent}.elementor-widget-text-editor:not(.elementor-drop-cap-view-default) .elementor-drop-cap{margin-top:8px}.elementor-widget-text-editor:not(.elementor-drop-cap-view-default) .elementor-drop-cap-letter{width:1em;height:1em}.elementor-widget-text-editor .elementor-drop-cap{float:left;text-align:center;line-height:1;font-size:50px}.elementor-widget-text-editor .elementor-drop-cap-letter{display:inline-block}<\/style>\t\t\t\t<p>\u0418\u0441\u043a\u0430\u043c \u0434\u0430 \u043d\u0430\u0435\u043c\u0430 \u0440\u0435\u043c\u0430\u0440\u043a\u0435\u0442\u043e \u0441\u0438<\/p>\t\t\t\t\t\t<\/div>\n\t\t\t\t<\/div>\n\t\t\t\t<div class=\"elementor-element elementor-element-349d423e de_scroll_animation_no elementor-invisible elementor-widget elementor-widget-heading\" data-id=\"349d423e\" data-element_type=\"widget\" data-settings=\"{&quot;_animation&quot;:&quot;fadeInUp&quot;,&quot;_animation_delay&quot;:200}\" data-widget_type=\"heading.default\">\n\t\t\t\t<div class=\"elementor-widget-container\">\n\t\t\t<h2 class=\"elementor-heading-title elementor-size-default\">\u0421\u043f\u0435\u0441\u0442\u0435\u0442\u0435 \u0440\u0430\u0437\u0445\u043e\u0434\u0438 \u0437\u0430 \u0442\u0435\u043d\u0442\u0438 \u0441 \u0440\u0435\u043a\u043b\u0430\u043c\u0430 \u0437\u0430 \u043a\u0430\u043c\u0438\u043e\u043d\u0438<\/h2>\t\t<\/div>\n\t\t\t\t<\/div>\n\t\t\t\t<div class=\"elementor-element elementor-element-750888b9 de_scroll_animation_no elementor-invisible elementor-widget elementor-widget-text-editor\" data-id=\"750888b9\" data-element_type=\"widget\" data-settings=\"{&quot;_animation&quot;:&quot;fadeInUp&quot;,&quot;_animation_delay&quot;:400}\" data-widget_type=\"text-editor.default\">\n\t\t\t\t<div class=\"elementor-widget-container\">\n\t\t\t\t\t\t\t<p>\u041a\u0430\u0442\u043e Truck Advertising ITALOG \u043d\u0438\u0435 \u043e\u0431\u043b\u0438\u0447\u0430\u043c\u0435 \u0440\u0435\u043c\u0430\u0440\u043a\u0435\u0442\u043e \u0441 \u0432\u0438\u0441\u043e\u043a\u043e\u043a\u0430\u0447\u0435\u0441\u0442\u0432\u0435\u043d\u0438 \u0442\u0435\u043d\u0442\u0438 \u0431\u0435\u0437\u043f\u043b\u0430\u0442\u043d\u043e \u0432 \u0437\u0430\u043c\u044f\u043d\u0430 \u043d\u0430 \u0443\u0441\u043b\u0443\u0433\u0430\u0442\u0430 \u0437\u0430 \u043d\u0430\u0435\u043c\u0430\u043d\u0435 \u043d\u0430 \u043a\u0430\u043c\u0438\u043e\u043d. \u041c\u043e\u0436\u0435\u0442\u0435 \u0434\u0430 \u0441\u0435 \u0441\u0432\u044a\u0440\u0436\u0435\u0442\u0435 \u0441 \u043d\u0430\u0441 \u0437\u0430 \u043f\u043e\u0434\u0440\u043e\u0431\u043d\u043e\u0441\u0442\u0438 \u0438 \u043f\u0440\u0435\u0434\u0438\u043c\u0441\u0442\u0432\u0430.<\/p>\t\t\t\t\t\t<\/div>\n\t\t\t\t<\/div>\n\t\t\t\t<div class=\"jet-popup-target elementor-element elementor-element-6cb09ac elementor-tablet-align-center de_scroll_animation_no elementor-widget elementor-widget-button\" data-jet-popup=\"{&quot;attached-popup&quot;:&quot;jet-popup-663&quot;,&quot;trigger-type&quot;:&quot;click-self&quot;,&quot;trigger-custom-selector&quot;:&quot;&quot;}\" data-id=\"6cb09ac\" data-element_type=\"widget\" data-widget_type=\"button.default\">\n\t\t\t\t<div class=\"elementor-widget-container\">\n\t\t\t\t\t<div class=\"elementor-button-wrapper\">\n\t\t\t<a class=\"elementor-button elementor-button-link elementor-size-sm\" href=\"#\">\n\t\t\t\t\t\t<span class=\"elementor-button-content-wrapper\">\n\t\t\t\t\t\t\t\t\t<span class=\"elementor-button-text\">\u0424\u043e\u0440\u043c\u0430 \u0437\u0430 \u043a\u043e\u043d\u0442\u0430\u043a\u0442<\/span>\n\t\t\t\t\t<\/span>\n\t\t\t\t\t<\/a>\n\t\t<\/div>\n\t\t\t\t<\/div>\n\t\t\t\t<\/div>\n\t\t\t\t\t<\/div>\n\t\t<\/div>\n\t\t\t\t<div class=\"elementor-column elementor-col-50 elementor-top-column elementor-element elementor-element-16d76a\" data-id=\"16d76a\" data-element_type=\"column\" data-settings=\"{&quot;background_background&quot;:&quot;classic&quot;}\">\n\t\t\t<div class=\"elementor-widget-wrap elementor-element-populated\">\n\t\t\t\t\t\t<div class=\"elementor-element elementor-element-1beca32 de_scroll_animation_no elementor-widget elementor-widget-image\" data-id=\"1beca32\" data-element_type=\"widget\" data-widget_type=\"image.default\">\n\t\t\t\t<div class=\"elementor-widget-container\">\n\t\t\t<style>\/*! elementor - v3.21.0 - 22-05-2024 *\/\n.elementor-widget-image{text-align:center}.elementor-widget-image a{display:inline-block}.elementor-widget-image a img[src$=\".svg\"]{width:48px}.elementor-widget-image img{vertical-align:middle;display:inline-block}<\/style>\t\t\t\t\t\t\t\t\t\t<img fetchpriority=\"high\" decoding=\"async\" width=\"666\" height=\"375\" src=\"https:\/\/www.tirreklam.com.tr\/wp-content\/uploads\/2024\/05\/tir_reklam_min.png\" class=\"attachment-large size-large wp-image-352\" alt=\"\" srcset=\"https:\/\/www.tirreklam.com.tr\/wp-content\/uploads\/2024\/05\/tir_reklam_min.png 666w, https:\/\/www.tirreklam.com.tr\/wp-content\/uploads\/2024\/05\/tir_reklam_min-300x169.png 300w\" sizes=\"(max-width: 666px) 100vw, 666px\" \/>\t\t\t\t\t\t\t\t\t\t\t\t\t<\/div>\n\t\t\t\t<\/div>\n\t\t\t\t\t<\/div>\n\t\t<\/div>\n\t\t\t\t\t<\/div>\n\t\t<\/section>\n\t\t\t\t<section class=\"elementor-section elementor-top-section elementor-element elementor-element-015344b elementor-section-boxed elementor-section-height-default elementor-section-height-default\" data-id=\"015344b\" data-element_type=\"section\" data-settings=\"{&quot;background_background&quot;:&quot;classic&quot;}\">\n\t\t\t\t\t\t\t<div class=\"elementor-background-overlay\"><\/div>\n\t\t\t\t\t\t\t<div class=\"elementor-container elementor-column-gap-default\">\n\t\t\t\t\t<div class=\"elementor-column elementor-col-100 elementor-top-column elementor-element elementor-element-3922ee5\" data-id=\"3922ee5\" data-element_type=\"column\">\n\t\t\t<div class=\"elementor-widget-wrap elementor-element-populated\">\n\t\t\t\t\t\t<div class=\"elementor-element elementor-element-9586df5 de_scroll_animation_no elementor-invisible elementor-widget elementor-widget-text-editor\" data-id=\"9586df5\" data-element_type=\"widget\" data-settings=\"{&quot;_animation&quot;:&quot;fadeInUp&quot;}\" data-widget_type=\"text-editor.default\">\n\t\t\t\t<div class=\"elementor-widget-container\">\n\t\t\t\t\t\t\t<p>\u041f\u0440\u0435\u0434\u0438\u043c\u0441\u0442\u0432\u0430 \u043d\u0430 \u043d\u0430\u0435\u043c\u0430\u043d\u0435\u0442\u043e \u043d\u0430 \u0440\u0435\u043c\u0430\u0440\u043a\u0435\u0442\u0430<\/p>\t\t\t\t\t\t<\/div>\n\t\t\t\t<\/div>\n\t\t\t\t<div class=\"elementor-element elementor-element-74f663b de_scroll_animation_no elementor-invisible elementor-widget elementor-widget-heading\" data-id=\"74f663b\" data-element_type=\"widget\" data-settings=\"{&quot;_animation&quot;:&quot;fadeInUp&quot;,&quot;_animation_delay&quot;:200}\" data-widget_type=\"heading.default\">\n\t\t\t\t<div class=\"elementor-widget-container\">\n\t\t\t<h2 class=\"elementor-heading-title elementor-size-default\">\u0421\u043f\u0435\u0441\u0442\u0435\u0442\u0435 \u0440\u0430\u0437\u0445\u043e\u0434\u0438 \u0437\u0430 \u0442\u0435\u043d\u0442\u0438 \u0441 \u0440\u0435\u043a\u043b\u0430\u043c\u0430 \u0437\u0430 \u043a\u0430\u043c\u0438\u043e\u043d\u0438<\/h2>\t\t<\/div>\n\t\t\t\t<\/div>\n\t\t\t\t<div class=\"elementor-element elementor-element-9d8bfef de_scroll_animation_no elementor-invisible elementor-widget elementor-widget-text-editor\" data-id=\"9d8bfef\" data-element_type=\"widget\" data-settings=\"{&quot;_animation&quot;:&quot;fadeInUp&quot;,&quot;_animation_delay&quot;:400}\" data-widget_type=\"text-editor.default\">\n\t\t\t\t<div class=\"elementor-widget-container\">\n\t\t\t\t\t\t\t<p><strong>\u041f\u0440\u0435\u0434\u0438\u043c\u0441\u0442\u0432\u0430 \u043d\u0430 \u043d\u0430\u0435\u043c\u0430\u043d\u0435\u0442\u043e \u043d\u0430 \u0440\u0435\u043c\u0430\u0440\u043a\u0435\u0442\u0430<\/strong><\/p><p>\u041d\u0430\u0435\u043c\u0430\u043d\u0435\u0442\u043e \u043d\u0430 \u0440\u0435\u043c\u0430\u0440\u043a\u0435\u0442\u0430 \u0435 \u0433\u044a\u0432\u043a\u0430\u0432\u043e \u0438 \u0438\u043a\u043e\u043d\u043e\u043c\u0438\u0447\u043d\u043e \u0440\u0435\u0448\u0435\u043d\u0438\u0435, \u043a\u043e\u0435\u0442\u043e \u043f\u0440\u0435\u0434\u043b\u0430\u0433\u0430 \u043c\u043d\u043e\u0433\u043e \u043f\u0440\u0435\u0434\u0438\u043c\u0441\u0442\u0432\u0430 \u043d\u0430 \u0431\u0438\u0437\u043d\u0435\u0441\u0430. \u0415\u0442\u043e \u043d\u044f\u043a\u043e\u0438 \u043e\u0442 \u043f\u0440\u0435\u0434\u0438\u043c\u0441\u0442\u0432\u0430\u0442\u0430 \u043d\u0430 \u043d\u0430\u0435\u043c\u0430\u043d\u0435\u0442\u043e \u043d\u0430 \u0440\u0435\u043c\u0430\u0440\u043a\u0435\u0442\u0430:<\/p><ol><li><p><strong>\u041e\u0441\u0432\u043e\u0431\u043e\u0436\u0434\u0430\u0432\u0430\u043d\u0435 \u043e\u0442 \u0437\u0430\u0434\u044a\u043b\u0436\u0435\u043d\u0438\u0435\u0442\u043e \u0437\u0430 \u043f\u043b\u0430\u0449\u0430\u043d\u0435 \u043d\u0430 \u0442\u0435\u043d\u0442\u0430:<\/strong> \u0415\u0434\u043d\u043e \u043e\u0442 \u043d\u0430\u0439-\u0432\u0430\u0436\u043d\u0438\u0442\u0435 \u043f\u0440\u0435\u0434\u0438\u043c\u0441\u0442\u0432\u0430 \u043d\u0430 \u043d\u0430\u0435\u043c\u0430\u043d\u0435\u0442\u043e \u043d\u0430 \u0440\u0435\u043c\u0430\u0440\u043a\u0435 \u0435, \u0447\u0435 \u043d\u0435 \u0435 \u043d\u0435\u043e\u0431\u0445\u043e\u0434\u0438\u043c\u043e \u0434\u0430 \u043f\u043b\u0430\u0449\u0430\u0442\u0435 \u0437\u0430 \u0442\u0435\u043d\u0442\u0438 \u0432\u0441\u044f\u043a\u0430 \u0433\u043e\u0434\u0438\u043d\u0430. \u0421 \u043d\u0430\u0435\u043c\u0430\u043d\u0435\u0442\u043e \u043d\u0430 \u0440\u0435\u043c\u0430\u0440\u043a\u0435 \u0441\u0435 \u043e\u0442\u044a\u0440\u0432\u0430\u0432\u0430\u0442\u0435 \u043e\u0442 \u0440\u0430\u0437\u0445\u043e\u0434\u0438\u0442\u0435 \u0437\u0430 \u0442\u0435\u043d\u0442\u0438 \u0438 \u043d\u0430\u043c\u0430\u043b\u044f\u0432\u0430\u0442\u0435 \u043e\u043f\u0435\u0440\u0430\u0442\u0438\u0432\u043d\u0438\u0442\u0435 \u0441\u0438 \u0440\u0430\u0437\u0445\u043e\u0434\u0438.<\/p><\/li><li><p><strong>\u041f\u0435\u0447\u0430\u043b\u0431\u0430 \u043e\u0442 \u0441\u043f\u0435\u0446\u0438\u0430\u043b\u043d\u0438 \u0441\u043f\u043e\u0440\u0430\u0437\u0443\u043c\u0435\u043d\u0438\u044f:<\/strong> \u041d\u0430\u0435\u043c\u0430\u043d\u0435\u0442\u043e \u043d\u0430 \u0440\u0435\u043c\u0430\u0440\u043a\u0435\u0442\u0430 \u043f\u0440\u0435\u0434\u043b\u0430\u0433\u0430 \u0432\u044a\u0437\u043c\u043e\u0436\u043d\u043e\u0441\u0442 \u0437\u0430 \u0441\u043a\u043b\u044e\u0447\u0432\u0430\u043d\u0435 \u043d\u0430 \u0441\u043f\u0435\u0446\u0438\u0430\u043b\u043d\u0438 \u0441\u043f\u043e\u0440\u0430\u0437\u0443\u043c\u0435\u043d\u0438\u044f \u0438 \u0433\u0435\u043d\u0435\u0440\u0438\u0440\u0430\u043d\u0435 \u043d\u0430 \u0444\u0438\u043a\u0441\u0438\u0440\u0430\u043d \u0434\u043e\u0445\u043e\u0434 \u043d\u0430 \u043e\u043f\u0440\u0435\u0434\u0435\u043b\u0435\u043d\u0438 \u043c\u0435\u0441\u0442\u0430. \u041e\u0441\u043e\u0431\u0435\u043d\u043e \u0440\u0435\u043c\u0430\u0440\u043a\u0435\u0442\u0430\u0442\u0430, \u043a\u043e\u0438\u0442\u043e \u043f\u043e\u0441\u0442\u043e\u044f\u043d\u043d\u043e \u0441\u0442\u043e\u044f\u0442 \u0432 \u043e\u043f\u0440\u0435\u0434\u0435\u043b\u0435\u043d \u0440\u0430\u0439\u043e\u043d, \u043e\u0442\u0432\u0430\u0440\u044f\u0442 \u0434\u043e\u043f\u044a\u043b\u043d\u0438\u0442\u0435\u043b\u043d\u0438 \u0432\u0440\u0430\u0442\u0438\u0447\u043a\u0438 \u0437\u0430 \u043f\u0435\u0447\u0430\u043b\u0431\u0430 \u0437\u0430 \u0431\u0438\u0437\u043d\u0435\u0441\u0430.<\/p><\/li><li><p><strong>\u0423\u0432\u0435\u043b\u0438\u0447\u0430\u0432\u0430\u043d\u0435 \u043d\u0430 \u0431\u0438\u0437\u043d\u0435\u0441 \u043f\u043e\u0442\u0435\u043d\u0446\u0438\u0430\u043b\u0430 \u043d\u0430 \u0440\u0435\u043a\u043b\u0430\u043c\u043e\u0434\u0430\u0442\u0435\u043b\u0438\u0442\u0435:<\/strong> \u041d\u0430\u0435\u043c\u0430\u043d\u0435\u0442\u043e \u043d\u0430 \u0440\u0435\u043c\u0430\u0440\u043a\u0435\u0442\u0430 \u043f\u0440\u0435\u0434\u043b\u0430\u0433\u0430 \u043f\u0440\u0435\u0434\u0438\u043c\u0441\u0442\u0432\u0430 \u0438 \u0437\u0430 \u0440\u0435\u043a\u043b\u0430\u043c\u043d\u0438\u0442\u0435 \u043a\u043e\u043c\u043f\u0430\u043d\u0438\u0438. \u0420\u0435\u043a\u043b\u0430\u043c\u043d\u0430\u0442\u0430 \u043a\u043e\u043c\u043f\u0430\u043d\u0438\u044f \u043f\u043e\u0432\u0438\u0448\u0430\u0432\u0430 \u043f\u043e\u0437\u043d\u0430\u0432\u0430\u0435\u043c\u043e\u0441\u0442\u0442\u0430 \u043d\u0430 \u043c\u0430\u0440\u043a\u0430\u0442\u0430 \u0441\u0438 \u0447\u0440\u0435\u0437 \u0440\u0435\u043a\u043b\u0430\u043c\u0438\u0442\u0435 \u0432\u044a\u0440\u0445\u0443 \u0440\u0435\u043c\u0430\u0440\u043a\u0435\u0442\u043e, \u043d\u043e \u0441\u044a\u0449\u043e \u0442\u0430\u043a\u0430 \u0443\u0432\u0435\u043b\u0438\u0447\u0430\u0432\u0430 \u0438 \u0441\u0432\u043e\u044f \u0431\u0438\u0437\u043d\u0435\u0441 \u043f\u043e\u0442\u0435\u043d\u0446\u0438\u0430\u043b. \u0420\u0435\u043c\u0430\u0440\u043a\u0435\u0442\u043e \u0441\u0435 \u0434\u0432\u0438\u0436\u0438 \u0441 \u0442\u043e\u0432\u0430\u0440\u0430 \u043d\u0430 \u0440\u0435\u043a\u043b\u0430\u043c\u043d\u0430\u0442\u0430 \u043a\u043e\u043c\u043f\u0430\u043d\u0438\u044f, \u043a\u043e\u0435\u0442\u043e \u045d \u043f\u043e\u0437\u0432\u043e\u043b\u044f\u0432\u0430 \u0434\u0430 \u0434\u043e\u0441\u0442\u0438\u0433\u043d\u0435 \u0434\u043e \u043f\u043e-\u0448\u0438\u0440\u043e\u043a \u043a\u0440\u044a\u0433 \u043a\u043b\u0438\u0435\u043d\u0442\u0438.<\/p><\/li><li><p><strong>\u0421\u043f\u0435\u0441\u0442\u044f\u0432\u0430\u043d\u0435 \u043d\u0430 \u0440\u0430\u0437\u0445\u043e\u0434\u0438 \u0437\u0430 \u043f\u0440\u0430\u043d\u0435:<\/strong> \u0418\u0437\u043f\u043e\u043b\u0437\u0432\u0430\u043d\u0435\u0442\u043e \u043d\u0430 \u0440\u0435\u043c\u0430\u0440\u043a\u0435 \u043f\u043e\u0434 \u043d\u0430\u0435\u043c \u0432\u0438 \u0441\u043f\u0435\u0441\u0442\u044f\u0432\u0430 \u0438 \u0440\u0430\u0437\u0445\u043e\u0434\u0438 \u0437\u0430 \u043c\u0438\u0435\u043d\u0435. \u0420\u0435\u043c\u0430\u0440\u043a\u0435\u0442\u043e \u043f\u043e\u0434 \u043d\u0430\u0435\u043c \u0441\u0435 \u043c\u0438\u0435, \u043f\u043e\u0447\u0438\u0441\u0442\u0432\u0430 \u0438 \u043f\u043e\u0434\u0434\u044a\u0440\u0436\u0430 \u0440\u0435\u0434\u043e\u0432\u043d\u043e, \u0442\u0430\u043a\u0430 \u0447\u0435 \u043d\u044f\u043c\u0430\u0442\u0435 \u0434\u043e\u043f\u044a\u043b\u043d\u0438\u0442\u0435\u043b\u043d\u0438 \u0440\u0430\u0437\u0445\u043e\u0434\u0438 \u0437\u0430 \u043f\u0440\u0430\u043d\u0435.<\/p><\/li><\/ol><p>\u041d\u0430\u0435\u043c\u0430\u043d\u0435\u0442\u043e \u043d\u0430 \u0440\u0435\u043c\u0430\u0440\u043a\u0435\u0442\u0430 \u0435 \u0438\u0434\u0435\u0430\u043b\u043d\u043e \u0440\u0435\u0448\u0435\u043d\u0438\u0435 \u0437\u0430 \u0431\u0438\u0437\u043d\u0435\u0441\u0430 \u0437\u0430 \u043d\u0430\u043c\u0430\u043b\u044f\u0432\u0430\u043d\u0435 \u043d\u0430 \u0440\u0430\u0437\u0445\u043e\u0434\u0438\u0442\u0435 \u0438 \u043e\u0441\u0438\u0433\u0443\u0440\u044f\u0432\u0430\u043d\u0435 \u043d\u0430 \u043e\u043f\u0435\u0440\u0430\u0442\u0438\u0432\u043d\u0430 \u0433\u044a\u0432\u043a\u0430\u0432\u043e\u0441\u0442. \u041c\u043e\u0436\u0435\u0442\u0435 \u0434\u0430 \u0441\u0435 \u0432\u044a\u0437\u043f\u043e\u043b\u0437\u0432\u0430\u0442\u0435 \u043e\u0442 \u043f\u0440\u0435\u0434\u0438\u043c\u0441\u0442\u0432\u0430\u0442\u0430 \u043c\u0443, \u043a\u0430\u0442\u043e \u0441\u044a\u0441\u0442\u0430\u0432\u0438\u0442\u0435 \u043f\u043b\u0430\u043d \u0437\u0430 \u043d\u0430\u0435\u043c\u0430\u043d\u0435 \u043d\u0430 \u0440\u0435\u043c\u0430\u0440\u043a\u0435\u0442\u0430, \u043f\u043e\u0434\u0445\u043e\u0434\u044f\u0449 \u0437\u0430 \u043d\u0443\u0436\u0434\u0438\u0442\u0435 \u043d\u0430 \u0432\u0430\u0448\u0438\u044f \u0431\u0438\u0437\u043d\u0435\u0441.<\/p>\t\t\t\t\t\t<\/div>\n\t\t\t\t<\/div>\n\t\t\t\t\t<\/div>\n\t\t<\/div>\n\t\t\t\t\t<\/div>\n\t\t<\/section>\n\t\t\t\t<\/div>","protected":false},"excerpt":{"rendered":"<p>Reklam Alan Home Reklam Alan Dorsemi Kiralamak \u0130stiyorum T\u0131r Reklam ile Tente Masraf\u0131ndan Kurtulun T\u0131r Reklam ITALOG olarak, t\u0131r kiralama hizmeti kar\u015f\u0131l\u0131\u011f\u0131nda dorsesini \u00fcst kalite tenteler ile \u00fccretsiz giydiriyoruz. Detaylar ve avantajlar i\u00e7in ileti\u015fime ge\u00e7ebilirsiniz. \u0130leti\u015fim Formu Dorse Kiralaman\u0131n Avantajlar\u0131 T\u0131r Reklam ile Tente Masraf\u0131ndan Kurtulun Dorse Kiralaman\u0131n Avantajlar\u0131 Dorse kiralama, i\u015fletmelere bir\u00e7ok avantaj sa\u011flayan [&hellip;]<\/p>","protected":false},"author":1,"featured_media":0,"parent":0,"menu_order":0,"comment_status":"closed","ping_status":"closed","template":"elementor_header_footer","meta":{"footnotes":""},"_links":{"self":[{"href":"https:\/\/www.tirreklam.com.tr\/bg\/wp-json\/wp\/v2\/pages\/155"}],"collection":[{"href":"https:\/\/www.tirreklam.com.tr\/bg\/wp-json\/wp\/v2\/pages"}],"about":[{"href":"https:\/\/www.tirreklam.com.tr\/bg\/wp-json\/wp\/v2\/types\/page"}],"author":[{"embeddable":true,"href":"https:\/\/www.tirreklam.com.tr\/bg\/wp-json\/wp\/v2\/users\/1"}],"replies":[{"embeddable":true,"href":"https:\/\/www.tirreklam.com.tr\/bg\/wp-json\/wp\/v2\/comments?post=155"}],"version-history":[{"count":27,"href":"https:\/\/www.tirreklam.com.tr\/bg\/wp-json\/wp\/v2\/pages\/155\/revisions"}],"predecessor-version":[{"id":795,"href":"https:\/\/www.tirreklam.com.tr\/bg\/wp-json\/wp\/v2\/pages\/155\/revisions\/795"}],"wp:attachment":[{"href":"https:\/\/www.tirreklam.com.tr\/bg\/wp-json\/wp\/v2\/media?parent=155"}],"curies":[{"name":"wp","href":"https:\/\/api.w.org\/{rel}","templated":true}]}}